{"id":134,"date":"2024-01-04T18:24:32","date_gmt":"2024-01-04T18:24:32","guid":{"rendered":"https:\/\/gruporeal.app.br\/blog\/?page_id=134"},"modified":"2024-01-05T16:22:27","modified_gmt":"2024-01-05T16:22:27","slug":"nossas-lojas","status":"publish","type":"page","link":"https:\/\/gruporeal.app.br\/blog\/nossas-lojas\/","title":{"rendered":"Nossas lojas"},"content":{"rendered":"\n<p><\/p>\n\n\n\n<p><\/p>\n\n\n\r\n\t\t<div  class=\"block-877bbf76-c9e8-4fd7-b078-fd473a6bf6da accordion\">\r\n\t\t\t\n\r\n\t\t<div  class=\"block-4ae6b523-05cb-4cdf-a87c-3bd49f3b7d61 accordion-item\">\r\n\r\n\t\t\t<h3 \r\n\t\t\t\tclass=\"accordion-header\" \r\n\t\t\t\tid=\"block-4ae6b523-05cb-4cdf-a87c-3bd49f3b7d61-header\"\r\n\t\t\t>\r\n\t\t\t\t<button \r\n\t\t\t\t\tclass=\"accordion-button collapsed\" \r\n\t\t\t\t\ttype=\"button\" \r\n\t\t\t\t\tdata-bs-toggle=\"collapse\" \r\n\t\t\t\t\tdata-bs-target=\"#block-4ae6b523-05cb-4cdf-a87c-3bd49f3b7d61-collapse\" \r\n\t\t\t\t\taria-expanded=\"false\" \r\n\t\t\t\t\taria-controls=\"block-4ae6b523-05cb-4cdf-a87c-3bd49f3b7d61-collapse\"\r\n\t\t\t\t>\r\n\t\t\t\t\tManaus &#8211; S\u00e3o Jos\u00e9 (92) 98507 &#8211; 1227\r\n\t\t\t\t<\/button>\r\n\t\t\t<\/h3>\r\n\r\n\t\t\t<div \r\n\t\t\t\tid=\"block-4ae6b523-05cb-4cdf-a87c-3bd49f3b7d61-collapse\" \r\n\t\t\t\tclass=\"accordion-collapse collapse\" \r\n\t\t\t\taria-labelledby=\"block-4ae6b523-05cb-4cdf-a87c-3bd49f3b7d61-header\"\r\n\t\t\t\tdata-bs-parent=\".block-877bbf76-c9e8-4fd7-b078-fd473a6bf6da\"\r\n\t\t\t>\r\n\t\t\t\t<div class=\"accordion-body\">\r\n\t\t\t\t\t\n\n<div class=\"wp-block-columns is-layout-flex wp-container-core-columns-is-layout-9d6595d7 wp-block-columns-is-layout-flex\">\n<div class=\"wp-block-column is-layout-flow wp-block-column-is-layout-flow\">\n<iframe src=\"https:\/\/www.google.com\/maps\/embed?pb=!1m18!1m12!1m3!1d6700.446073656556!2d-59.95538288562809!3d-3.065507124221278!2m3!1f0!2f0!3f0!3m2!1i1024!2i768!4f13.1!3m3!1m2!1s0x926c1b9e766272ab%3A0xdc920a65da3a1a5f!2sReal%20Equipamentos%20-%20S%C3%A3o%20Jos%C3%A9!5e0!3m2!1spt-PT!2sbr!4v1704468139218!5m2!1spt-PT!2sbr\" width=\"600\" height=\"200\" style=\"border:0;\" allowfullscreen=\"\" loading=\"lazy\" referrerpolicy=\"no-referrer-when-downgrade\"><\/iframe>\n<\/div>\n\n\n\n<div class=\"wp-block-column is-layout-flow wp-block-column-is-layout-flow\">\n<p><\/p>\n\n\n\n<p><strong>Real Equipamentos Filial<\/strong> &#8211; Av. Autaz Mirim, 5804 &#8211; S\u00e3o Jos\u00e9 Oper\u00e1rio, Manaus &#8211; AM, 69099-785<\/p>\n\n\n\n<p class=\"has-secondary-color has-text-color has-link-color wp-elements-20479e1af95cbd9be58f9b9601f5dbdf\">Fale com um consultor<\/p>\n\n\n\n<div class=\"wp-block-buttons is-layout-flex wp-block-buttons-is-layout-flex\">\n<div class=\"wp-block-button has-custom-font-size has-medium-font-size\"><a class=\"wp-block-button__link has-white-color has-text-color has-background has-link-color wp-element-button\" href=\"https:\/\/api.whatsapp.com\/send?phone=5592985071227&amp;text=Ol%C3%A1%20vim%20do%20blog%20da%20Real%20Equipamentos.%20Gostaria%20de%20ser%20atendido%20por%20um%20consultor...\" style=\"border-radius:8px;background-color:#00bb2d\" target=\"_blank\" rel=\"noreferrer noopener\"><strong>WHATSAPP<\/strong><\/a><\/div>\n<\/div>\n<\/div>\n<\/div>\n\n \r\n\t\t\t\t<\/div>\r\n\t\t\t<\/div>\r\n\t\t<\/div>\r\n\t\n\n\r\n\t\t<div  class=\"block-3ddfe006-5152-4810-ad56-fd5bc6790ee3 accordion-item\">\r\n\r\n\t\t\t<h3 \r\n\t\t\t\tclass=\"accordion-header\" \r\n\t\t\t\tid=\"block-3ddfe006-5152-4810-ad56-fd5bc6790ee3-header\"\r\n\t\t\t>\r\n\t\t\t\t<button \r\n\t\t\t\t\tclass=\"accordion-button collapsed\" \r\n\t\t\t\t\ttype=\"button\" \r\n\t\t\t\t\tdata-bs-toggle=\"collapse\" \r\n\t\t\t\t\tdata-bs-target=\"#block-3ddfe006-5152-4810-ad56-fd5bc6790ee3-collapse\" \r\n\t\t\t\t\taria-expanded=\"false\" \r\n\t\t\t\t\taria-controls=\"block-3ddfe006-5152-4810-ad56-fd5bc6790ee3-collapse\"\r\n\t\t\t\t>\r\n\t\t\t\t\tManaus &#8211; Centro (92) 98532 &#8211; 9586\r\n\t\t\t\t<\/button>\r\n\t\t\t<\/h3>\r\n\r\n\t\t\t<div \r\n\t\t\t\tid=\"block-3ddfe006-5152-4810-ad56-fd5bc6790ee3-collapse\" \r\n\t\t\t\tclass=\"accordion-collapse collapse\" \r\n\t\t\t\taria-labelledby=\"block-3ddfe006-5152-4810-ad56-fd5bc6790ee3-header\"\r\n\t\t\t\tdata-bs-parent=\".block-877bbf76-c9e8-4fd7-b078-fd473a6bf6da\"\r\n\t\t\t>\r\n\t\t\t\t<div class=\"accordion-body\">\r\n\t\t\t\t\t\n\n<div class=\"wp-block-columns is-layout-flex wp-container-core-columns-is-layout-9d6595d7 wp-block-columns-is-layout-flex\">\n<div class=\"wp-block-column is-layout-flow wp-block-column-is-layout-flow\">\n<iframe src=\"https:\/\/www.google.com\/maps\/embed?pb=!1m18!1m12!1m3!1d7967.670911158407!2d-60.02877779372672!3d-3.1381228999999933!2m3!1f0!2f0!3f0!3m2!1i1024!2i768!4f13.1!3m3!1m2!1s0x926c0560d18937e9%3A0xb07f86b4f7fa652b!2sReal%20Equipamentos%20-%20Centro!5e0!3m2!1spt-PT!2sbr!4v1704468509527!5m2!1spt-PT!2sbr\" width=\"600\" height=\"200\" style=\"border:0;\" allowfullscreen=\"\" loading=\"lazy\" referrerpolicy=\"no-referrer-when-downgrade\"><\/iframe>\n<\/div>\n\n\n\n<div class=\"wp-block-column is-layout-flow wp-block-column-is-layout-flow\">\n<p><\/p>\n\n\n\n<p><strong>Real Equipamentos Centro<\/strong> &#8211; Av. Joaquim Nabuco, 319 &#8211; Centro, Manaus &#8211; AM, 69005-080<\/p>\n\n\n\n<p class=\"has-secondary-color has-text-color has-link-color wp-elements-b54cd9dee7dbc872e1db82621011cd67\">Fale com o consultor<\/p>\n\n\n\n<div class=\"wp-block-buttons is-layout-flex wp-block-buttons-is-layout-flex\">\n<div class=\"wp-block-button has-custom-font-size has-medium-font-size\"><a class=\"wp-block-button__link has-white-color has-text-color has-background has-link-color wp-element-button\" href=\"https:\/\/api.whatsapp.com\/send?phone=5592985329586&amp;text=Ol%C3%A1%20vim%20do%20blog%20da%20Real%20Equipamentos.%20Gostaria%20de%20ser%20atendido%20por%20um%20consultor...\" style=\"border-radius:8px;background-color:#00bb2d\" target=\"_blank\" rel=\"noreferrer noopener\"><strong>WHATSAPP<\/strong><\/a><\/div>\n<\/div>\n<\/div>\n<\/div>\n\n \r\n\t\t\t\t<\/div>\r\n\t\t\t<\/div>\r\n\t\t<\/div>\r\n\t\n\n\r\n\t\t<div  class=\"block-aecfe529-3f32-40df-a603-6d144014fee1 accordion-item\">\r\n\r\n\t\t\t<h3 \r\n\t\t\t\tclass=\"accordion-header\" \r\n\t\t\t\tid=\"block-aecfe529-3f32-40df-a603-6d144014fee1-header\"\r\n\t\t\t>\r\n\t\t\t\t<button \r\n\t\t\t\t\tclass=\"accordion-button collapsed\" \r\n\t\t\t\t\ttype=\"button\" \r\n\t\t\t\t\tdata-bs-toggle=\"collapse\" \r\n\t\t\t\t\tdata-bs-target=\"#block-aecfe529-3f32-40df-a603-6d144014fee1-collapse\" \r\n\t\t\t\t\taria-expanded=\"false\" \r\n\t\t\t\t\taria-controls=\"block-aecfe529-3f32-40df-a603-6d144014fee1-collapse\"\r\n\t\t\t\t>\r\n\t\t\t\t\tManaus &#8211; Cidade de Deus (92) 98506 &#8211; 8883<a href=\"https:\/\/maps.app.goo.gl\/fd6HDiL4FK9gzx9KA\"><\/a>\r\n\t\t\t\t<\/button>\r\n\t\t\t<\/h3>\r\n\r\n\t\t\t<div \r\n\t\t\t\tid=\"block-aecfe529-3f32-40df-a603-6d144014fee1-collapse\" \r\n\t\t\t\tclass=\"accordion-collapse collapse\" \r\n\t\t\t\taria-labelledby=\"block-aecfe529-3f32-40df-a603-6d144014fee1-header\"\r\n\t\t\t\tdata-bs-parent=\".block-877bbf76-c9e8-4fd7-b078-fd473a6bf6da\"\r\n\t\t\t>\r\n\t\t\t\t<div class=\"accordion-body\">\r\n\t\t\t\t\t\n\r\n\t\t<div  class=\"block-e8af6718-3978-4d8f-ac58-f66a7af4123e row areoi-element\">\r\n\t\t\t\r\n\r\n\t\t\t\n\r\n\t\t<div  class=\"block-5fee8b49-a6bd-4a35-a621-bb9979f90611 col areoi-element\">\r\n\t\t\t\r\n\t\t\t\n\n<div class=\"wp-block-columns is-layout-flex wp-container-core-columns-is-layout-9d6595d7 wp-block-columns-is-layout-flex\">\n<div class=\"wp-block-column is-layout-flow wp-block-column-is-layout-flow\">\n<iframe src=\"https:\/\/www.google.com\/maps\/embed?pb=!1m18!1m12!1m3!1d7307.193454805451!2d-59.93773055293061!3d-3.0204901085326057!2m3!1f0!2f0!3f0!3m2!1i1024!2i768!4f13.1!3m3!1m2!1s0x926c194c3726c093%3A0x75fc89cad7fbb5e8!2sReal%20Equipamentos%20-%20Cidade%20de%20Deus!5e0!3m2!1spt-BR!2sbr!4v1704397982477!5m2!1spt-BR!2sbr\" width=\"600\" height=\"200\" style=\"border:0;\" allowfullscreen=\"\" loading=\"lazy\" referrerpolicy=\"no-referrer-when-downgrade\"><\/iframe>\n<\/div>\n\n\n\n<div class=\"wp-block-column is-layout-flow wp-block-column-is-layout-flow\">\n<p><\/p>\n\n\n\n<p class=\"has-small-font-size\"><strong>Real Equipamentos C. de Deus<\/strong> &#8211; Av. Nossa Sra. da Concei\u00e7\u00e3o, 830 &#8211; Cidade de Deus, Manaus &#8211; AM, 69099-225<\/p>\n\n\n\n<p class=\"has-secondary-color has-text-color has-link-color wp-elements-37cb2b6397b35c6c4bd520eebe6c57d6\">Fale com o consultor.<\/p>\n\n\n\n<div class=\"wp-block-buttons is-layout-flex wp-block-buttons-is-layout-flex\">\n<div class=\"wp-block-button has-custom-font-size has-medium-font-size\"><a class=\"wp-block-button__link has-white-color has-text-color has-background has-link-color wp-element-button\" href=\"https:\/\/api.whatsapp.com\/send?phone=5592985068883&amp;text=Ol%C3%A1%20vim%20do%20blog%20da%20Real%20Equipamentos.%20Gostaria%20de%20ser%20atendido%20por%20um%20consultor...\" style=\"border-radius:8px;background-color:#00bb2d\" target=\"_blank\" rel=\"noreferrer noopener\"><strong>WHATSAPP<\/strong><\/a><\/div>\n<\/div>\n<\/div>\n<\/div>\n\n \r\n\t\t\t\r\n\t\t<\/div>\r\n\t\n \r\n\t\t<\/div>\r\n\t\n \r\n\t\t\t\t<\/div>\r\n\t\t\t<\/div>\r\n\t\t<\/div>\r\n\t\n\n\r\n\t\t<div  class=\"block-c0f3f1a6-f296-4eec-ba5e-79271e97c40e accordion-item\">\r\n\r\n\t\t\t<h3 \r\n\t\t\t\tclass=\"accordion-header\" \r\n\t\t\t\tid=\"block-c0f3f1a6-f296-4eec-ba5e-79271e97c40e-header\"\r\n\t\t\t>\r\n\t\t\t\t<button \r\n\t\t\t\t\tclass=\"accordion-button collapsed\" \r\n\t\t\t\t\ttype=\"button\" \r\n\t\t\t\t\tdata-bs-toggle=\"collapse\" \r\n\t\t\t\t\tdata-bs-target=\"#block-c0f3f1a6-f296-4eec-ba5e-79271e97c40e-collapse\" \r\n\t\t\t\t\taria-expanded=\"false\" \r\n\t\t\t\t\taria-controls=\"block-c0f3f1a6-f296-4eec-ba5e-79271e97c40e-collapse\"\r\n\t\t\t\t>\r\n\t\t\t\t\tManaus &#8211; Pe\u00e7as (92) 98506 &#8211; 4310\r\n\t\t\t\t<\/button>\r\n\t\t\t<\/h3>\r\n\r\n\t\t\t<div \r\n\t\t\t\tid=\"block-c0f3f1a6-f296-4eec-ba5e-79271e97c40e-collapse\" \r\n\t\t\t\tclass=\"accordion-collapse collapse\" \r\n\t\t\t\taria-labelledby=\"block-c0f3f1a6-f296-4eec-ba5e-79271e97c40e-header\"\r\n\t\t\t\tdata-bs-parent=\".block-877bbf76-c9e8-4fd7-b078-fd473a6bf6da\"\r\n\t\t\t>\r\n\t\t\t\t<div class=\"accordion-body\">\r\n\t\t\t\t\t\n\n<div class=\"wp-block-columns is-layout-flex wp-container-core-columns-is-layout-9d6595d7 wp-block-columns-is-layout-flex\">\n<div class=\"wp-block-column is-layout-flow wp-block-column-is-layout-flow\">\n<iframe src=\"https:\/\/www.google.com\/maps\/embed?pb=!1m18!1m12!1m3!1d3983.842614634808!2d-60.02228302426434!3d-3.136244340448151!2m3!1f0!2f0!3f0!3m2!1i1024!2i768!4f13.1!3m3!1m2!1s0x926c0578d6a7442f%3A0x78cec251a6462a82!2sReal%20Equipamentos%20-%20Pe%C3%A7as!5e0!3m2!1spt-PT!2sbr!4v1704469759375!5m2!1spt-PT!2sbr\" width=\"600\" height=\"200\" style=\"border:0;\" allowfullscreen=\"\" loading=\"lazy\" referrerpolicy=\"no-referrer-when-downgrade\"><\/iframe>\n<\/div>\n\n\n\n<div class=\"wp-block-column is-layout-flow wp-block-column-is-layout-flow\">\n<p><\/p>\n\n\n\n<p><strong>Real Equipamentos Pe\u00e7as<\/strong> &#8211; Av. Joaquim Nabuco, 667 &#8211; Centro, Manaus &#8211; AM, 69005-080<\/p>\n\n\n\n<p class=\"has-secondary-color has-text-color has-link-color wp-elements-37cb2b6397b35c6c4bd520eebe6c57d6\">Fale com o consultor.<\/p>\n\n\n\n<div class=\"wp-block-buttons is-layout-flex wp-block-buttons-is-layout-flex\">\n<div class=\"wp-block-button has-custom-font-size has-medium-font-size\"><a class=\"wp-block-button__link has-white-color has-text-color has-background has-link-color wp-element-button\" href=\"https:\/\/api.whatsapp.com\/send?phone=5592985064310&amp;text=Ol%C3%A1%20vim%20do%20blog%20da%20Real%20Equipamentos.%20Gostaria%20de%20ser%20atendido%20por%20um%20consultor...\" style=\"border-radius:8px;background-color:#00bb2d\" target=\"_blank\" rel=\"noreferrer noopener\"><strong>WHATSAPP<\/strong><\/a><\/div>\n<\/div>\n<\/div>\n<\/div>\n\n \r\n\t\t\t\t<\/div>\r\n\t\t\t<\/div>\r\n\t\t<\/div>\r\n\t\n\n\r\n\t\t<div  class=\"block-9d7ce33b-ab07-40e3-a054-480e9591888c accordion-item\">\r\n\r\n\t\t\t<h3 \r\n\t\t\t\tclass=\"accordion-header\" \r\n\t\t\t\tid=\"block-9d7ce33b-ab07-40e3-a054-480e9591888c-header\"\r\n\t\t\t>\r\n\t\t\t\t<button \r\n\t\t\t\t\tclass=\"accordion-button collapsed\" \r\n\t\t\t\t\ttype=\"button\" \r\n\t\t\t\t\tdata-bs-toggle=\"collapse\" \r\n\t\t\t\t\tdata-bs-target=\"#block-9d7ce33b-ab07-40e3-a054-480e9591888c-collapse\" \r\n\t\t\t\t\taria-expanded=\"false\" \r\n\t\t\t\t\taria-controls=\"block-9d7ce33b-ab07-40e3-a054-480e9591888c-collapse\"\r\n\t\t\t\t>\r\n\t\t\t\t\tParintins &#8211; Itauna 1 (92) 98622 &#8211; 2095\r\n\t\t\t\t<\/button>\r\n\t\t\t<\/h3>\r\n\r\n\t\t\t<div \r\n\t\t\t\tid=\"block-9d7ce33b-ab07-40e3-a054-480e9591888c-collapse\" \r\n\t\t\t\tclass=\"accordion-collapse collapse\" \r\n\t\t\t\taria-labelledby=\"block-9d7ce33b-ab07-40e3-a054-480e9591888c-header\"\r\n\t\t\t\tdata-bs-parent=\".block-877bbf76-c9e8-4fd7-b078-fd473a6bf6da\"\r\n\t\t\t>\r\n\t\t\t\t<div class=\"accordion-body\">\r\n\t\t\t\t\t\n\n<div class=\"wp-block-columns is-layout-flex wp-container-core-columns-is-layout-9d6595d7 wp-block-columns-is-layout-flex\">\n<div class=\"wp-block-column is-layout-flow wp-block-column-is-layout-flow\">\n<iframe src=\"https:\/\/www.google.com\/maps\/embed?pb=!1m18!1m12!1m3!1d3985.574504698328!2d-56.75011671608711!3d-2.6428823317240115!2m3!1f0!2f0!3f0!3m2!1i1024!2i768!4f13.1!3m3!1m2!1s0x926383fe4e80415b%3A0x178555a6e68cb7a1!2sReal%20Equipamentos%20Parintins!5e0!3m2!1spt-PT!2sbr!4v1704469935475!5m2!1spt-PT!2sbr\" width=\"600\" height=\"200\" style=\"border:0;\" allowfullscreen=\"\" loading=\"lazy\" referrerpolicy=\"no-referrer-when-downgrade\"><\/iframe>\n<\/div>\n\n\n\n<div class=\"wp-block-column is-layout-flow wp-block-column-is-layout-flow\">\n<p><\/p>\n\n\n\n<p><strong>Real Equipamentos Parintins<\/strong> &#8211; Av. Geni Bentes, 3963 &#8211; Ita\u00fana, Parintins &#8211; AM, 69152-000<\/p>\n\n\n\n<p class=\"has-secondary-color has-text-color has-link-color wp-elements-37cb2b6397b35c6c4bd520eebe6c57d6\">Fale com o consultor.<\/p>\n\n\n\n<div class=\"wp-block-buttons is-layout-flex wp-block-buttons-is-layout-flex\">\n<div class=\"wp-block-button has-custom-font-size has-medium-font-size\"><a class=\"wp-block-button__link has-white-color has-text-color has-background has-link-color wp-element-button\" href=\"https:\/\/api.whatsapp.com\/send?phone=5592986222095&amp;text=Ol%C3%A1%20vim%20do%20blog%20da%20Real%20Equipamentos.%20Gostaria%20de%20ser%20atendido%20por%20um%20consultor...\" style=\"border-radius:8px;background-color:#00bb2d\" target=\"_blank\" rel=\"noreferrer noopener\"><strong>WHATSAPP<\/strong><\/a><\/div>\n<\/div>\n<\/div>\n<\/div>\n\n \r\n\t\t\t\t<\/div>\r\n\t\t\t<\/div>\r\n\t\t<\/div>\r\n\t\n \r\n\t\t<\/div>\r\n\t","protected":false},"excerpt":{"rendered":"","protected":false},"author":1,"featured_media":0,"parent":0,"menu_order":0,"comment_status":"closed","ping_status":"closed","template":"default-template.php","meta":{"_acf_changed":false,"footnotes":""},"class_list":["post-134","page","type-page","status-publish","hentry"],"acf":[],"_links":{"self":[{"href":"https:\/\/gruporeal.app.br\/blog\/wp-json\/wp\/v2\/pages\/134","targetHints":{"allow":["GET"]}}],"collection":[{"href":"https:\/\/gruporeal.app.br\/blog\/wp-json\/wp\/v2\/pages"}],"about":[{"href":"https:\/\/gruporeal.app.br\/blog\/wp-json\/wp\/v2\/types\/page"}],"author":[{"embeddable":true,"href":"https:\/\/gruporeal.app.br\/blog\/wp-json\/wp\/v2\/users\/1"}],"replies":[{"embeddable":true,"href":"https:\/\/gruporeal.app.br\/blog\/wp-json\/wp\/v2\/comments?post=134"}],"version-history":[{"count":11,"href":"https:\/\/gruporeal.app.br\/blog\/wp-json\/wp\/v2\/pages\/134\/revisions"}],"predecessor-version":[{"id":156,"href":"https:\/\/gruporeal.app.br\/blog\/wp-json\/wp\/v2\/pages\/134\/revisions\/156"}],"wp:attachment":[{"href":"https:\/\/gruporeal.app.br\/blog\/wp-json\/wp\/v2\/media?parent=134"}],"curies":[{"name":"wp","href":"https:\/\/api.w.org\/{rel}","templated":true}]}}